{"id":1593,"date":"2015-08-29T04:44:00","date_gmt":"2015-08-29T04:44:00","guid":{"rendered":"http:\/\/demowp.cththemes.net\/gatherv2\/?page_id=1593"},"modified":"2020-10-20T21:11:05","modified_gmt":"2020-10-20T21:11:05","slug":"home-content-slider","status":"publish","type":"page","link":"https:\/\/2019.auditmeeting.es\/","title":{"rendered":"Home &#8211; Content Slider"},"content":{"rendered":"<section class=\"wpb-content-wrapper\"><p>[vc_row cth_layout=\u00bbgather_header\u00bb el_id=\u00bbtop\u00bb css=\u00bb.vc_custom_1603228068535{background-image: url(https:\/\/2019.auditmeeting.es\/wp-content\/uploads\/2020\/10\/slider-bg.jpg?id=5063) !important;}\u00bb el_class=\u00bbslider-bg\u00bb][vc_column css=\u00bb.vc_custom_1440860177369{padding-top: 100px !important;padding-bottom: 40px !important;}\u00bb][cth_flexslider animation=\u00bbslide\u00bb][cth_flexslider_item]<\/p>\n<h1 class=\"headline wow fadeInDown\" data-wow-delay=\"0.1s\"><img decoding=\"async\" loading=\"lazy\" class=\"\" src=\"https:\/\/2019.auditmeeting.es\/wp-content\/uploads\/2019\/09\/audit2019.png\" alt=\"null\" width=\"550\" height=\"132\"><\/h1>\n<div class=\"when_where wow fadeIn\" data-wow-delay=\"0.4s\">\n<h3>10 A\u00d1OS APOYANDO A LA AUDITOR\u00cdA<\/h3>\n<h3>Principal congreso de la actividad de auditor\u00eda de cuentas en nuestro pa\u00eds.<\/h3>\n<h4>12 y 13 de diciembre 2019<\/h4>\n<h4 class=\"event_when\">&nbsp;<\/h4>\n<h3>&nbsp;<\/h3>\n<\/div>\n<p>[\/cth_flexslider_item][\/cth_flexslider][\/vc_column][\/vc_row][vc_row cth_layout=\u00bbgather_sec\u00bb el_id=\u00bbschedule\u00bb][vc_column][vc_column_text]<\/p>\n<div class=\"section-title wow fadeInUp\">\n<h4>PROGRAMA<\/h4>\n<\/div>\n<p>[\/vc_column_text][cth_schedules][vc_column_text]<\/p>\n<h5 style=\"text-align: center;\">Descarga el avance del programa <a href=\"https:\/\/www.auditmeeting.es\/wp-content\/uploads\/2019\/12\/Programa10AM-04.12-2.pdf\">aqu\u00ed<\/a><\/h5>\n<p>&nbsp;[\/vc_column_text][\/vc_column][\/vc_row][vc_row cth_layout=\u00bbgather_sec\u00bb el_id=\u00bbguia\u00bb][vc_column][vc_column_text]<\/p>\n<div class=\"section-title wow fadeInUp\">\n<h4>GU\u00cdAS<\/h4>\n<\/div>\n<p>[\/vc_column_text][vc_row_inner][vc_column_inner width=\u00bb1\/3&#8243;][vc_single_image image=\u00bb4573&#8243; img_size=\u00bb180X250&#8243; alignment=\u00bbcenter\u00bb onclick=\u00bbcustom_link\u00bb img_link_target=\u00bb_blank\u00bb link=\u00bbhttps:\/\/2019.auditmeeting.es\/guias\/REAGuia-14 defitva2.pdf\u00bb][\/vc_column_inner][vc_column_inner width=\u00bb1\/3&#8243;][vc_single_image image=\u00bb4574&#8243; img_size=\u00bb180X250&#8243; alignment=\u00bbcenter\u00bb onclick=\u00bbcustom_link\u00bb img_link_target=\u00bb_blank\u00bb link=\u00bbhttps:\/\/2019.auditmeeting.es\/guias\/ECGuia-1-17.09.pdf\u00bb][\/vc_column_inner][vc_column_inner width=\u00bb1\/3&#8243;][vc_single_image image=\u00bb4575&#8243; img_size=\u00bb180X250&#8243; alignment=\u00bbcenter\u00bb onclick=\u00bbcustom_link\u00bb img_link_target=\u00bb_blank\u00bb link=\u00bbhttps:\/\/2019.auditmeeting.es\/guias\/CGE.Guia%20para%20pymes%20ante%20los%20ODS.pdf\u00bb][\/vc_column_inner][\/vc_row_inner][\/vc_column][\/vc_row][vc_row cth_layout=\u00bbgather_sec\u00bb el_id=\u00bbspeakers\u00bb][vc_column][vc_column_text]<\/p>\n<div class=\"section-title wow fadeInUp\">\n<h4>PONENTES<\/h4>\n<\/div>\n<p>[\/vc_column_text][cth_speakers_cpt count=\u00bb35&#8243;][\/vc_column][\/vc_row][vc_row cth_layout=\u00bbgather_sec\u00bb el_id=\u00bbpricing\u00bb][vc_column][vc_column_text]<\/p>\n<div class=\"section-title wow fadeInUp\">\n<h4>INSCRIPCI\u00d3N<\/h4>\n<\/div>\n<p>[\/vc_column_text][vc_column_text]<\/p>\n<h5 style=\"text-align: center;\">Ap\u00fantate <a href=\"https:\/\/e-conocimiento.org\/gestion\/login.asp?hidIdCurso=3513\">aqu\u00ed<\/a>&nbsp;<\/h5>\n<p>[\/vc_column_text][\/vc_column][\/vc_row][vc_row cth_layout=\u00bbgather_sec\u00bb][vc_column width=\u00bb1\/2&#8243;][\/vc_column][vc_column width=\u00bb1\/2&#8243;][\/vc_column][\/vc_row][vc_row cth_layout=\u00bbgather_sec\u00bb el_id=\u00bbsponsors\u00bb][vc_column][vc_column_text]<\/p>\n<div class=\"section-title wow fadeInUp\">\n<h4>PATROCINADORES<\/h4>\n<p class=\"no-rep\">&nbsp;<\/p>\n<\/div>\n<p>[\/vc_column_text][\/vc_column][\/vc_row][vc_row cth_layout=\u00bbgather_sec\u00bb][vc_column][vc_single_image image=\u00bb4568&#8243; img_size=\u00bb1134&#215;552&#8243; alignment=\u00bbcenter\u00bb][\/vc_column][\/vc_row][vc_row cth_layout=\u00bbgather_sec\u00bb][vc_column][vc_column_text]<\/p>\n<div class=\"section-title wow fadeInUp\">\n<h4>COLABORADORES<\/h4>\n<p class=\"no-rep\">&nbsp;<\/p>\n<\/div>\n<p>[\/vc_column_text][vc_single_image image=\u00bb4482&#8243; img_size=\u00bb1200&#215;416&#8243; alignment=\u00bbcenter\u00bb][\/vc_column][\/vc_row][vc_row cth_layout=\u00bbgather_sec\u00bb][vc_column][vc_column_text]<\/p>\n<div class=\"section-title wow fadeInUp\">\n<h4>Con la participaci\u00f3n de:<\/h4>\n<p class=\"no-rep\">&nbsp;<\/p>\n<\/div>\n<p>[\/vc_column_text][\/vc_column][\/vc_row][vc_row cth_layout=\u00bbgather_sec\u00bb][vc_column width=\u00bb1\/4&#8243;][vc_single_image image=\u00bb4290&#8243; img_size=\u00bb250&#215;98&#8243; alignment=\u00bbcenter\u00bb][\/vc_column][vc_column width=\u00bb1\/4&#8243;][vc_single_image image=\u00bb4570&#8243; img_size=\u00bb250&#215;114&#8243; alignment=\u00bbcenter\u00bb][\/vc_column][vc_column width=\u00bb1\/4&#8243;][vc_single_image image=\u00bb4292&#8243; img_size=\u00bb250&#215;112&#8243; alignment=\u00bbcenter\u00bb][\/vc_column][vc_column width=\u00bb1\/4&#8243;][vc_single_image image=\u00bb4338&#8243; img_size=\u00bb250&#215;120&#8243; alignment=\u00bbcenter\u00bb][\/vc_column][\/vc_row][vc_row cth_layout=\u00bbgather_sec\u00bb][vc_column][vc_column_text]<\/p>\n<div class=\"section-title wow fadeInUp\">\n<h4>ORGANIZA<\/h4>\n<p class=\"no-rep\">&nbsp;<\/p>\n<\/div>\n<p>[\/vc_column_text][\/vc_column][\/vc_row][vc_row cth_layout=\u00bbgather_sec\u00bb][vc_column width=\u00bb1\/2&#8243;][vc_single_image image=\u00bb4284&#8243; img_size=\u00bb450&#215;106&#8243; alignment=\u00bbcenter\u00bb][\/vc_column][vc_column width=\u00bb1\/2&#8243;][vc_single_image image=\u00bb4269&#8243; img_size=\u00bb700&#215;200&#8243; alignment=\u00bbcenter\u00bb][\/vc_column][\/vc_row][vc_row cth_layout=\u00bbgather_sec\u00bb css=\u00bb.vc_custom_1529491198611{padding-top: 30px !important;padding-bottom: 30px !important;background-color: #f1f1f1 !important;}\u00bb el_id=\u00bbcomoir\u00bb][vc_column width=\u00bb1\/2&#8243;][vc_column_text]<\/p>\n<div class=\"contact-box\">\n<p><img decoding=\"async\" loading=\"lazy\" class=\"wow zoomIn alignnone wp-image-1293 size-full\" src=\"https:\/\/2019.auditmeeting.es\/wp-content\/uploads\/2015\/05\/location-icon.png\" alt=\"\" width=\"128\" height=\"128\"><\/p>\n<h5>DIRECCI\u00d3N<\/h5>\n<p class=\"no-rep\">Auditorio Mutua Madrile\u00f1a,<\/p>\n<p>Paseo de la Castellana, 33,<\/p>\n<p>28046 Madrid<\/p>\n<p>&nbsp;<\/p>\n<\/div>\n<p>[\/vc_column_text][\/vc_column][vc_column width=\u00bb1\/2&#8243;][vc_column_text]<\/p>\n<div class=\"contact-box\">\n<p><img decoding=\"async\" loading=\"lazy\" class=\"alignnone size-full wp-image-1292 wow zoomIn\" src=\"https:\/\/2019.auditmeeting.es\/wp-content\/uploads\/2015\/05\/email-icon.png\" alt=\"email-icon\" width=\"128\" height=\"128\" data-wow-delay=\"0.3s\"><\/p>\n<h5>CONTACTO<\/h5>\n<p class=\"no-rep\"><a href=\"mailto:rea@rea.es\">rea@rea.es<\/a><\/p>\n<p>91 431 03 11<\/p>\n<p>Sra. Marimar Garc\u00eda<\/p>\n<p>Sra. Isabel P\u00e9rez<\/p>\n<\/div>\n<p>[\/vc_column_text][\/vc_column][\/vc_row][vc_row full_width=\u00bbstretch_row\u00bb cth_layout=\u00bbgather_sec\u00bb][vc_column css=\u00bb.vc_custom_1439047012296{padding-right: 0px !important;padding-left: 0px !important;}\u00bb][vc_column_text]<\/p>\n<div class=\"section-title wow fadeInUp\">\n<h4>C\u00d3MO IR<\/h4>\n<p class=\"no-rep\">&nbsp;<\/p>\n<\/div>\n<p>[\/vc_column_text][vc_gmaps link=\u00bb#E-8_JTNDaWZyYW1lJTIwc3JjJTNEJTIyaHR0cHMlM0ElMkYlMkZ3d3cuZ29vZ2xlLmNvbSUyRm1hcHMlMkZlbWJlZCUzRnBiJTNEJTIxMW0xOCUyMTFtMTIlMjExbTMlMjExZDMwMzYuOTQwNzcxNzIxODcyNCUyMTJkLTMuNjg5MzkzMzg0NDMzNDEyJTIxM2Q0MC40MzIzMTAzNzkzNjMzMyUyMTJtMyUyMTFmMCUyMTJmMCUyMTNmMCUyMTNtMiUyMTFpMTAyNCUyMTJpNzY4JTIxNGYxMy4xJTIxM20zJTIxMW0yJTIxMXMweDAlMjUzQTB4NGJiZjk4NjBjNDg5NzM4ZCUyMTJzTXV0dWElMkJNYWRyaWxlJTI1QzMlMjVCMWElMjE1ZTAlMjEzbTIlMjExc2VzJTIxMnNlcyUyMTR2MTUwOTk2MTk4MjQ5MCUyMiUyMHdpZHRoJTNEJTIyNjAwJTIyJTIwaGVpZ2h0JTNEJTIyNDUwJTIyJTIwZnJhbWVib3JkZXIlM0QlMjIwJTIyJTIwc3R5bGUlM0QlMjJib3JkZXIlM0EwJTIyJTIwYWxsb3dmdWxsc2NyZWVuJTNFJTNDJTJGaWZyYW1lJTNF\u00bb][\/vc_column][\/vc_row]<\/p>\n<\/section>","protected":false},"excerpt":{"rendered":"<p>[vc_row cth_layout=\u00bbgather_header\u00bb el_id=\u00bbtop\u00bb css=\u00bb.vc_custom_1603228068535{background-image: url(https:\/\/2019.auditmeeting.es\/wp-content\/uploads\/2020\/10\/slider-bg.jpg?id=5063) !important;}\u00bb el_class=\u00bbslider-bg\u00bb][vc_column css=\u00bb.vc_custom_1440860177369{padding-top: 100px !important;padding-bottom: 40px !important;}\u00bb][cth_flexslider animation=\u00bbslide\u00bb][cth_flexslider_item] 10 A\u00d1OS APOYANDO A LA AUDITOR\u00cdA Principal congreso de la actividad de auditor\u00eda de cuentas en nuestro pa\u00eds. 12 y 13 de diciembre 2019 &nbsp; &nbsp; [\/cth_flexslider_item][\/cth_flexslider][\/vc_column][\/vc_row][vc_row cth_layout=\u00bbgather_sec\u00bb el_id=\u00bbschedule\u00bb][vc_column][vc_column_text] PROGRAMA [\/vc_column_text][cth_schedules][vc_column_text] Descarga el avance del programa aqu\u00ed &nbsp;[\/vc_column_text][\/vc_column][\/vc_row][vc_row cth_layout=\u00bbgather_sec\u00bb el_id=\u00bbguia\u00bb][vc_column][vc_column_text] GU\u00cdAS [\/vc_column_text][vc_row_inner][vc_column_inner&#8230;<\/p>\n","protected":false},"author":1,"featured_media":0,"parent":0,"menu_order":0,"comment_status":"closed","ping_status":"closed","template":"homepage-onepage.php","meta":{"ngg_post_thumbnail":0,"footnotes":""},"_links":{"self":[{"href":"https:\/\/2019.auditmeeting.es\/index.php\/wp-json\/wp\/v2\/pages\/1593"}],"collection":[{"href":"https:\/\/2019.auditmeeting.es\/index.php\/wp-json\/wp\/v2\/pages"}],"about":[{"href":"https:\/\/2019.auditmeeting.es\/index.php\/wp-json\/wp\/v2\/types\/page"}],"author":[{"embeddable":true,"href":"https:\/\/2019.auditmeeting.es\/index.php\/wp-json\/wp\/v2\/users\/1"}],"replies":[{"embeddable":true,"href":"https:\/\/2019.auditmeeting.es\/index.php\/wp-json\/wp\/v2\/comments?post=1593"}],"version-history":[{"count":6,"href":"https:\/\/2019.auditmeeting.es\/index.php\/wp-json\/wp\/v2\/pages\/1593\/revisions"}],"predecessor-version":[{"id":5067,"href":"https:\/\/2019.auditmeeting.es\/index.php\/wp-json\/wp\/v2\/pages\/1593\/revisions\/5067"}],"wp:attachment":[{"href":"https:\/\/2019.auditmeeting.es\/index.php\/wp-json\/wp\/v2\/media?parent=1593"}],"curies":[{"name":"wp","href":"https:\/\/api.w.org\/{rel}","templated":true}]}}